{"id":10400,"date":"2025-05-17T14:56:40","date_gmt":"2025-05-17T11:56:40","guid":{"rendered":"https:\/\/www.kmshassasisleme.com.tr\/?page_id=10400"},"modified":"2025-05-19T22:20:54","modified_gmt":"2025-05-19T19:20:54","slug":"hakkimizda","status":"publish","type":"page","link":"https:\/\/www.kmshassasisleme.com.tr\/?page_id=10400","title":{"rendered":"Hakk\u0131m\u0131zda"},"content":{"rendered":"\t\t<div data-elementor-type=\"wp-page\" data-elementor-id=\"10400\" class=\"elementor elementor-10400\">\n\t\t\t\t\t\t<section class=\"elementor-section elementor-top-section elementor-element elementor-element-6b5acba2 elementor-section-boxed elementor-section-height-default elementor-section-height-default\" data-id=\"6b5acba2\" data-element_type=\"section\" data-settings=\"{&quot;background_background&quot;:&quot;classic&quot;}\">\n\t\t\t\t\t\t<div class=\"elementor-container elementor-column-gap-default\">\n\t\t\t\t\t<div class=\"elementor-column elementor-col-100 elementor-top-column elementor-element elementor-element-5c460a63\" data-id=\"5c460a63\" data-element_type=\"column\">\n\t\t\t<div class=\"elementor-widget-wrap elementor-element-populated\">\n\t\t\t\t\t\t<section class=\"elementor-section elementor-inner-section elementor-element elementor-element-35ce1fa5 elementor-section-boxed elementor-section-height-default elementor-section-height-default\" data-id=\"35ce1fa5\" data-element_type=\"section\">\n\t\t\t\t\t\t<div class=\"elementor-container elementor-column-gap-default\">\n\t\t\t\t\t<div class=\"elementor-column elementor-col-100 elementor-inner-column elementor-element elementor-element-792d08e4\" data-id=\"792d08e4\" data-element_type=\"column\">\n\t\t\t<div class=\"elementor-widget-wrap\">\n\t\t\t\t\t\t\t<\/div>\n\t\t<\/div>\n\t\t\t\t\t<\/div>\n\t\t<\/section>\n\t\t\t\t<div class=\"elementor-element elementor-element-ea4ac7 elementor-widget elementor-widget-ld_fancy_image\" data-id=\"ea4ac7\" data-element_type=\"widget\" data-widget_type=\"ld_fancy_image.default\">\n\t\t\t\t<div class=\"elementor-widget-container\">\n\t\t\t\t\t\n\t\t<div class=\"lqd-imggrp-single d-block pos-rel perspective\" data-hover3d=\"true\">\n\t\t\t<div class=\"lqd-imggrp-img-container d-inline-flex pos-rel align-items-center justify-content-center transform-style-3d\">\n\t\t\t\t\t\t\t\t<figure class=\"w-100 pos-rel\" data-stacking-factor=\"1\" data-reveal=\"true\" data-reveal-options=\"{&quot;direction&quot;:&quot;lr&quot;}\">\n\t\t\t\t\t<img fetchpriority=\"high\" decoding=\"async\" width=\"3780\" height=\"1890\" src=\"https:\/\/www.kmshassasisleme.com.tr\/wp-content\/uploads\/2025\/05\/Bej-Minimalist-Indirim-Reklam-Bandi-1-1.png\" class=\"attachment-full size-full wp-image-10412\" alt=\"\" srcset=\"https:\/\/www.kmshassasisleme.com.tr\/wp-content\/uploads\/2025\/05\/Bej-Minimalist-Indirim-Reklam-Bandi-1-1.png 3780w, https:\/\/www.kmshassasisleme.com.tr\/wp-content\/uploads\/2025\/05\/Bej-Minimalist-Indirim-Reklam-Bandi-1-1-300x150.png 300w, https:\/\/www.kmshassasisleme.com.tr\/wp-content\/uploads\/2025\/05\/Bej-Minimalist-Indirim-Reklam-Bandi-1-1-1024x512.png 1024w, https:\/\/www.kmshassasisleme.com.tr\/wp-content\/uploads\/2025\/05\/Bej-Minimalist-Indirim-Reklam-Bandi-1-1-1536x768.png 1536w, https:\/\/www.kmshassasisleme.com.tr\/wp-content\/uploads\/2025\/05\/Bej-Minimalist-Indirim-Reklam-Bandi-1-1-2048x1024.png 2048w\" sizes=\"(max-width: 3780px) 100vw, 3780px\" itemprop=\"image\" \/>\t\t\t\t\t\t\t\t\t\t\t\t\t\t\t\t\t\t\t\t\t\t\t\t\t\t\t\t\t<\/figure>\n\t\t\t<\/div>\n\t\t<\/div>\n\n\t\t\t\t\t<\/div>\n\t\t\t\t<\/div>\n\t\t\t\t\t<\/div>\n\t\t<\/div>\n\t\t\t\t\t<\/div>\n\t\t<\/section>\n\t\t\t\t<section class=\"elementor-section elementor-top-section elementor-element elementor-element-6e54e894 elementor-section-boxed elementor-section-height-default elementor-section-height-default\" data-id=\"6e54e894\" data-element_type=\"section\" data-settings=\"{&quot;background_background&quot;:&quot;classic&quot;}\">\n\t\t\t\t\t\t<div class=\"elementor-container elementor-column-gap-no\">\n\t\t\t\t\t<div class=\"elementor-column elementor-col-100 elementor-top-column elementor-element elementor-element-7800e933\" data-id=\"7800e933\" data-element_type=\"column\">\n\t\t\t<div class=\"elementor-widget-wrap elementor-element-populated\">\n\t\t\t\t\t\t<section class=\"elementor-section elementor-inner-section elementor-element elementor-element-552613f1 elementor-section-boxed elementor-section-height-default elementor-section-height-default\" data-id=\"552613f1\" data-element_type=\"section\">\n\t\t\t\t\t\t<div class=\"elementor-container elementor-column-gap-default\">\n\t\t\t\t\t<div class=\"elementor-column elementor-col-50 elementor-inner-column elementor-element elementor-element-34b47a00\" data-id=\"34b47a00\" data-element_type=\"column\">\n\t\t\t<div class=\"elementor-widget-wrap elementor-element-populated\">\n\t\t\t\t\t\t<div class=\"elementor-element elementor-element-6321f145 elementor-widget__width-auto elementor-widget elementor-widget-hub_fancy_heading\" data-id=\"6321f145\" data-element_type=\"widget\" data-widget_type=\"hub_fancy_heading.default\">\n\t\t\t\t<div class=\"elementor-widget-container\">\n\t\t\t\t\t\n\t\t<div id=\"ld-fancy-heading-69d7c8700ef35\" class=\"ld-fancy-heading pos-rel\">\n\t\t\t<h2 class=\"ld-fh-element d-inline-block pos-rel  elementor-heading-title lqd-highlight-classic lqd-highlight-grow-left h2\"  > Hakk\u0131m\u0131zda<\/h2>\t\t<\/div>\n\n\t\t\t\t\t\t<\/div>\n\t\t\t\t<\/div>\n\t\t\t\t\t<\/div>\n\t\t<\/div>\n\t\t\t\t<div class=\"elementor-column elementor-col-50 elementor-inner-column elementor-element elementor-element-6b8f6b2c elementor-hidden-tablet elementor-hidden-phone\" data-id=\"6b8f6b2c\" data-element_type=\"column\">\n\t\t\t<div class=\"elementor-widget-wrap\">\n\t\t\t\t\t\t\t<\/div>\n\t\t<\/div>\n\t\t\t\t\t<\/div>\n\t\t<\/section>\n\t\t\t\t<div class=\"elementor-element elementor-element-3fe514ae elementor-widget elementor-widget-hub_fancy_heading\" data-id=\"3fe514ae\" data-element_type=\"widget\" data-widget_type=\"hub_fancy_heading.default\">\n\t\t\t\t<div class=\"elementor-widget-container\">\n\t\t\t\t\t\n\t\t<div id=\"ld-fancy-heading-69d7c8700f83d\" class=\"ld-fancy-heading pos-rel\">\n\t\t\t<h2 class=\"ld-fh-element d-inline-block pos-rel  elementor-heading-title lqd-highlight-classic lqd-highlight-grow-left h2\"  > <span style=\"text-decoration: line-through\">Al\u0131\u015f\u0131lm\u0131\u015f<\/span> \u00fcretim de\u011fil, hassas \u00fcretim.<\/h2>\t\t<\/div>\n\n\t\t\t\t\t\t<\/div>\n\t\t\t\t<\/div>\n\t\t\t\t<section class=\"elementor-section elementor-inner-section elementor-element elementor-element-5de0c29f elementor-section-boxed elementor-section-height-default elementor-section-height-default\" data-id=\"5de0c29f\" data-element_type=\"section\">\n\t\t\t\t\t\t<div class=\"elementor-container elementor-column-gap-default\">\n\t\t\t\t\t<div class=\"elementor-column elementor-col-100 elementor-inner-column elementor-element elementor-element-3c3ad570\" data-id=\"3c3ad570\" data-element_type=\"column\">\n\t\t\t<div class=\"elementor-widget-wrap elementor-element-populated\">\n\t\t\t\t\t\t<div class=\"elementor-element elementor-element-404aea8d elementor-widget elementor-widget-hub_fancy_heading\" data-id=\"404aea8d\" data-element_type=\"widget\" data-widget_type=\"hub_fancy_heading.default\">\n\t\t\t\t<div class=\"elementor-widget-container\">\n\t\t\t\t\t\n\t\t<div id=\"ld-fancy-heading-69d7c870100b2\" class=\"ld-fancy-heading pos-rel\">\n\t\t\t<p class=\"ld-fh-element d-inline-block pos-rel  lqd-highlight-classic lqd-highlight-grow-left p\"  > KMS Hassas \u0130sleme olarak tala\u015fl\u0131 imalat konusunda uzmanla\u015fm\u0131\u015f bir firmay\u0131z. Y\u00fcksek hassasiyetli \u00fcretim s\u00fcre\u00e7lerimizle m\u00fc\u015fterilerimize en kaliteli \u00e7\u00f6z\u00fcmleri sunmaktay\u0131z. Sekt\u00f6rdeki deneyimimiz ve yenilik\u00e7i yakla\u015f\u0131m\u0131m\u0131z ile end\u00fcstriyel \u00fcretimde g\u00fcvenilir bir partner olmay\u0131 hedefliyoruz.\n<\/p>\t\t<\/div>\n\n\t\t\t\t\t\t<\/div>\n\t\t\t\t<\/div>\n\t\t\t\t\t<\/div>\n\t\t<\/div>\n\t\t\t\t\t<\/div>\n\t\t<\/section>\n\t\t\t\t<section class=\"elementor-section elementor-inner-section elementor-element elementor-element-1aed71e6 elementor-section-boxed elementor-section-height-default elementor-section-height-default\" data-id=\"1aed71e6\" data-element_type=\"section\">\n\t\t\t\t\t\t<div class=\"elementor-container elementor-column-gap-default\">\n\t\t\t\t\t<div class=\"elementor-column elementor-col-100 elementor-inner-column elementor-element elementor-element-4b84113f\" data-id=\"4b84113f\" data-element_type=\"column\">\n\t\t\t<div class=\"elementor-widget-wrap elementor-element-populated\">\n\t\t\t\t\t\t<div class=\"elementor-element elementor-element-7597065d elementor-widget elementor-widget-ld_fancy_image\" data-id=\"7597065d\" data-element_type=\"widget\" data-widget_type=\"ld_fancy_image.default\">\n\t\t\t\t<div class=\"elementor-widget-container\">\n\t\t\t\t\t\n\t\t<div class=\"lqd-imggrp-single d-block pos-rel \">\n\t\t\t<div class=\"lqd-imggrp-img-container d-inline-flex pos-rel align-items-center justify-content-center \">\n\t\t\t\t\t\t\t\t<figure class=\"w-100 pos-rel\">\n\t\t\t\t\t<img decoding=\"async\" width=\"1536\" height=\"1024\" src=\"data:image\/svg+xml;charset=utf-8,%3Csvg xmlns%3D&#039;http%3A%2F%2Fwww.w3.org%2F2000%2Fsvg&#039; viewBox%3D&#039;0 0  &#039;%2F%3E\" class=\"attachment-full size-full wp-image-10450 ld-lazyload\" alt=\"\" itemprop=\"image\" data-src=\"https:\/\/www.kmshassasisleme.com.tr\/wp-content\/uploads\/2025\/05\/ChatGPT-Image-19-May-2025-21_46_45.png\" data-srcset=\"https:\/\/www.kmshassasisleme.com.tr\/wp-content\/uploads\/2025\/05\/ChatGPT-Image-19-May-2025-21_46_45.png 1536w, https:\/\/www.kmshassasisleme.com.tr\/wp-content\/uploads\/2025\/05\/ChatGPT-Image-19-May-2025-21_46_45-300x200.png 300w, https:\/\/www.kmshassasisleme.com.tr\/wp-content\/uploads\/2025\/05\/ChatGPT-Image-19-May-2025-21_46_45-1024x683.png 1024w, https:\/\/www.kmshassasisleme.com.tr\/wp-content\/uploads\/2025\/05\/ChatGPT-Image-19-May-2025-21_46_45-720x480.png 720w\" data-sizes=\"(max-width: 1536px) 100vw, 1536px\" data-aspect=\"\" \/>\t\t\t\t\t\t\t\t\t\t\t\t\t\t\t\t\t\t\t\t\t\t\t\t\t\t\t\t\t<\/figure>\n\t\t\t<\/div>\n\t\t<\/div>\n\n\t\t\t\t\t<\/div>\n\t\t\t\t<\/div>\n\t\t\t\t\t<\/div>\n\t\t<\/div>\n\t\t\t\t\t<\/div>\n\t\t<\/section>\n\t\t\t\t<section class=\"elementor-section elementor-inner-section elementor-element elementor-element-30024041 elementor-section-boxed elementor-section-height-default elementor-section-height-default\" data-id=\"30024041\" data-element_type=\"section\">\n\t\t\t\t\t\t<div class=\"elementor-container elementor-column-gap-default\">\n\t\t\t\t\t<div class=\"elementor-column elementor-col-50 elementor-inner-column elementor-element elementor-element-43b048d5\" data-id=\"43b048d5\" data-element_type=\"column\">\n\t\t\t<div class=\"elementor-widget-wrap elementor-element-populated\">\n\t\t\t\t\t\t<div class=\"elementor-element elementor-element-3d5a4ff6 elementor-widget elementor-widget-ld_fancy_image\" data-id=\"3d5a4ff6\" data-element_type=\"widget\" data-widget_type=\"ld_fancy_image.default\">\n\t\t\t\t<div class=\"elementor-widget-container\">\n\t\t\t\t\t\n\t\t<div class=\"lqd-imggrp-single d-block pos-rel \">\n\t\t\t<div class=\"lqd-imggrp-img-container d-inline-flex pos-rel align-items-center justify-content-center \">\n\t\t\t\t\t\t\t\t<figure class=\"w-100 pos-rel\">\n\t\t\t\t\t<img decoding=\"async\" width=\"1024\" height=\"1536\" src=\"data:image\/svg+xml;charset=utf-8,%3Csvg xmlns%3D&#039;http%3A%2F%2Fwww.w3.org%2F2000%2Fsvg&#039; viewBox%3D&#039;0 0  &#039;%2F%3E\" class=\"attachment-full size-full wp-image-10464 ld-lazyload\" alt=\"\" itemprop=\"image\" data-src=\"https:\/\/www.kmshassasisleme.com.tr\/wp-content\/uploads\/2025\/05\/ChatGPT-Image-19-May-2025-21_51_17.png\" data-srcset=\"https:\/\/www.kmshassasisleme.com.tr\/wp-content\/uploads\/2025\/05\/ChatGPT-Image-19-May-2025-21_51_17.png 1024w, https:\/\/www.kmshassasisleme.com.tr\/wp-content\/uploads\/2025\/05\/ChatGPT-Image-19-May-2025-21_51_17-200x300.png 200w, https:\/\/www.kmshassasisleme.com.tr\/wp-content\/uploads\/2025\/05\/ChatGPT-Image-19-May-2025-21_51_17-683x1024.png 683w\" data-sizes=\"(max-width: 1024px) 100vw, 1024px\" data-aspect=\"\" \/>\t\t\t\t\t\t\t\t\t\t\t\t\t\t\t\t\t\t\t\t\t\t\t\t\t\t\t\t\t<\/figure>\n\t\t\t<\/div>\n\t\t<\/div>\n\n\t\t\t\t\t<\/div>\n\t\t\t\t<\/div>\n\t\t\t\t\t<\/div>\n\t\t<\/div>\n\t\t\t\t<div class=\"elementor-column elementor-col-50 elementor-inner-column elementor-element elementor-element-3aaa4a61\" data-id=\"3aaa4a61\" data-element_type=\"column\">\n\t\t\t<div class=\"elementor-widget-wrap elementor-element-populated\">\n\t\t\t\t\t\t<div class=\"elementor-element elementor-element-5dad5d42 elementor-widget elementor-widget-hub_fancy_heading\" data-id=\"5dad5d42\" data-element_type=\"widget\" data-widget_type=\"hub_fancy_heading.default\">\n\t\t\t\t<div class=\"elementor-widget-container\">\n\t\t\t\t\t\n\t\t<div id=\"ld-fancy-heading-69d7c87055d56\" class=\"ld-fancy-heading pos-rel\">\n\t\t\t<p class=\"ld-fh-element d-inline-block pos-rel  lqd-highlight-classic lqd-highlight-grow-left p\"  > CNC destekli \u00fcretim altyap\u0131m\u0131z ve modern makine parkurumuz ile otomotiv, havac\u0131l\u0131k, enerji, kal\u0131p, fikst\u00fcr ve \u00f6zel makine sekt\u00f6rlerine y\u00f6nelik \u00e7\u00f6z\u00fcmler sunuyoruz.<\/p>\t\t<\/div>\n\n\t\t\t\t\t\t<\/div>\n\t\t\t\t<\/div>\n\t\t\t\t<div class=\"elementor-element elementor-element-37717a0f elementor-widget__width-auto elementor-align-center elementor-widget elementor-widget-ld_counter\" data-id=\"37717a0f\" data-element_type=\"widget\" data-widget_type=\"ld_counter.default\">\n\t\t\t\t<div class=\"elementor-widget-container\">\n\t\t\t\t\t\n\t\t<div id=\"lqd-counter-37717a0f\" class=\"lqd-counter pos-rel center lqd-counter-default\">\n\n\t\t\t\n\t\t\t<div class=\"lqd-counter-element pos-rel \" data-enable-counter=\"true\" data-counter-options=\"{&quot;targetNumber&quot;:&quot;10&quot;}\">\n\t\t\t\t<span class=\"lqd-counter-nums-wrap d-block pos-rel\">10<\/span>\t\t\t<\/div>\n\n\t\t\t\n\t\t<\/div>\n\n\t\t\t\t\t\t<\/div>\n\t\t\t\t<\/div>\n\t\t\t\t<div class=\"elementor-element elementor-element-d5131e9 elementor-widget__width-auto elementor-widget elementor-widget-hub_fancy_heading\" data-id=\"d5131e9\" data-element_type=\"widget\" data-widget_type=\"hub_fancy_heading.default\">\n\t\t\t\t<div class=\"elementor-widget-container\">\n\t\t\t\t\t\n\t\t<div id=\"ld-fancy-heading-69d7c87059df5\" class=\"ld-fancy-heading pos-rel\">\n\t\t\t<p class=\"ld-fh-element d-inline-block pos-rel  lqd-highlight-classic lqd-highlight-grow-left p\"  > Y\u0131llar\u0131n<br>Deneyimi<\/p>\t\t<\/div>\n\n\t\t\t\t\t\t<\/div>\n\t\t\t\t<\/div>\n\t\t\t\t\t<\/div>\n\t\t<\/div>\n\t\t\t\t\t<\/div>\n\t\t<\/section>\n\t\t\t\t\t<\/div>\n\t\t<\/div>\n\t\t\t\t\t<\/div>\n\t\t<\/section>\n\t\t\t\t<\/div>\n\t\t","protected":false},"excerpt":{"rendered":"<p>Hakk\u0131m\u0131zda Al\u0131\u015f\u0131lm\u0131\u015f \u00fcretim de\u011fil, hassas \u00fcretim. KMS Hassas \u0130sleme olarak tala\u015fl\u0131 imalat konusunda uzmanla\u015fm\u0131\u015f bir firmay\u0131z. Y\u00fcksek hassasiyetli \u00fcretim s\u00fcre\u00e7lerimizle m\u00fc\u015fterilerimize en kaliteli \u00e7\u00f6z\u00fcmleri sunmaktay\u0131z. Sekt\u00f6rdeki deneyimimiz ve yenilik\u00e7i yakla\u015f\u0131m\u0131m\u0131z ile end\u00fcstriyel \u00fcretimde g\u00fcvenilir bir partner olmay\u0131 hedefliyoruz. CNC destekli \u00fcretim altyap\u0131m\u0131z ve modern makine parkurumuz ile otomotiv, havac\u0131l\u0131k, enerji, kal\u0131p, fikst\u00fcr ve \u00f6zel makine [&hellip;]<\/p>\n","protected":false},"author":1,"featured_media":0,"parent":0,"menu_order":0,"comment_status":"closed","ping_status":"closed","template":"","meta":{"footnotes":""},"class_list":["post-10400","page","type-page","status-publish","hentry"],"_links":{"self":[{"href":"https:\/\/www.kmshassasisleme.com.tr\/index.php?rest_route=\/wp\/v2\/pages\/10400","targetHints":{"allow":["GET"]}}],"collection":[{"href":"https:\/\/www.kmshassasisleme.com.tr\/index.php?rest_route=\/wp\/v2\/pages"}],"about":[{"href":"https:\/\/www.kmshassasisleme.com.tr\/index.php?rest_route=\/wp\/v2\/types\/page"}],"author":[{"embeddable":true,"href":"https:\/\/www.kmshassasisleme.com.tr\/index.php?rest_route=\/wp\/v2\/users\/1"}],"replies":[{"embeddable":true,"href":"https:\/\/www.kmshassasisleme.com.tr\/index.php?rest_route=%2Fwp%2Fv2%2Fcomments&post=10400"}],"version-history":[{"count":25,"href":"https:\/\/www.kmshassasisleme.com.tr\/index.php?rest_route=\/wp\/v2\/pages\/10400\/revisions"}],"predecessor-version":[{"id":10482,"href":"https:\/\/www.kmshassasisleme.com.tr\/index.php?rest_route=\/wp\/v2\/pages\/10400\/revisions\/10482"}],"wp:attachment":[{"href":"https:\/\/www.kmshassasisleme.com.tr\/index.php?rest_route=%2Fwp%2Fv2%2Fmedia&parent=10400"}],"curies":[{"name":"wp","href":"https:\/\/api.w.org\/{rel}","templated":true}]}}